{"id":2,"date":"2016-05-10T03:48:21","date_gmt":"2016-05-10T03:48:21","guid":{"rendered":"http:\/\/sagramtbrace.es\/?page_id=2"},"modified":"2025-05-21T17:49:35","modified_gmt":"2025-05-21T17:49:35","slug":"sample-page","status":"publish","type":"page","link":"https:\/\/sagramtbrace.es\/","title":{"rendered":"SAGRA MTB RACE 2025"},"content":{"rendered":"\n<figure class=\"wp-block-gallery has-nested-images columns-default is-cropped wp-block-gallery-1 is-layout-flex wp-block-gallery-is-layout-flex\"><\/figure>\n\n\n\n<figure class=\"wp-block-embed is-type-video is-provider-youtube wp-block-embed-youtube wp-embed-aspect-16-9 wp-has-aspect-ratio\"><div class=\"wp-block-embed__wrapper\">\n<iframe loading=\"lazy\" title=\"V Edici\u00f3n SAGRA MTB RACE (14 de MAYO 2023)\" width=\"1140\" height=\"641\" src=\"https:\/\/www.youtube.com\/embed\/TU4nQqE2h9U?start=13&#038;feature=oembed\" frameborder=\"0\" allow=\"accelerometer; autoplay; clipboard-write; encrypted-media; gyroscope; picture-in-picture; web-share\" referrerpolicy=\"strict-origin-when-cross-origin\" allowfullscreen><\/iframe>\n<\/div><\/figure>\n\n\n<h5>\u00a0<\/h5>\n<p>La marcha<strong> SAGRA MTB Race<\/strong> nace de la iniciativa del Club Ciclista Puebla de Don Fadrique y el apoyo institucional de su Ayuntamiento.<\/p>\n<p>El objetivo de esta prueba es que los\/as ciclistas disfruten de de los caminos, sendas, paisajes y gastronom\u00eda de Puebla de Don Fadrique y su entorno.<\/p>\n<p>Un escenario natural donde destaca la <strong>Sierra de las Cabras<\/strong>, <strong>Sierra del Calar<\/strong>,<strong> Sierra de la Guillimona<\/strong> y<strong> la Sagra<\/strong>.<\/p>\n<p>Subiendo por estas monta\u00f1as, bajando a sus valles y ramblas, cruzando r\u00edos como el Bravatas, entre flora como la encina, el pino carrasco y laricio, la sabina o la sucuoya, se desarrolla una marcha de mountain bike pensada por ciclistas para ciclistas.<\/p>\n<p>El recorrido de esta edici\u00f3n coincide con algunos caminos y sendas de otras marchas realizadas en a\u00f1os anteriores pero con algunas novedades, tanto el recorrido corto como el recorrido largo nos har\u00e1n disfrutar de un entorno espectacular.<\/p>\n<p>La <strong>SAGRA MTB Race<\/strong> cuenta con el apoyo y colaboraci\u00f3n de todo el pueblo. Distintas asociaciones y colectivos colaboran con la carrera y se vuelcan en ofrecer apoyo a los ciclistas.<\/p>\n<p>Queremos dar un car\u00e1cter solidario a la prueba, as\u00ed, este a\u00f1o parte de la recaudaci\u00f3n se destinar\u00e1 a la <strong>Junta Local de Puebla de Don Fadrique<\/strong> de la <strong>Asociaci\u00f3n Espa\u00f1ola de lucha contra el C\u00e1ncer<\/strong>.<\/p>\n<p>Otro apartado importante de la marcha son los servicios paralelos que ofrecemos.<\/p>\n<p>Habr\u00e1 cronometraje profesional con resultados inmediatos mediante mensajer\u00eda, tres avituallamientos completos durante el recorrido y uno en meta, fot\u00f3grafo profesional durante el recorrido, duchas.<\/p>\n<p><strong>Somos un club ciclista que va a hacer todo lo posible para que disfrutes de un d\u00eda perfecto de bicicleta y convivencia con otros ciclistas. Seguro que no te decepcionamos.<\/strong><\/p>\n<hr \/>\n<h5 style=\"text-align: left;\">Organiza<\/h5>\n<h5 style=\"text-align: left;\"><a href=\"http:\/\/puebladedonfadrique.es\/\"><img loading=\"lazy\" decoding=\"async\" class=\"alignnone wp-image-74\" src=\"http:\/\/sagramtbrace.es\/wp-content\/uploads\/2017\/12\/ayuntamiento.png\" alt=\"\" width=\"339\" height=\"76\" \/><\/a><\/h5>\n<hr \/>\n<h5 style=\"text-align: left;\">Colabora<\/h5>\n<p><img loading=\"lazy\" decoding=\"async\" class=\"wp-image-157 alignleft\" src=\"http:\/\/sagramtbrace.es\/wp-content\/uploads\/2017\/12\/logoclubhorizontal.png\" alt=\"\" width=\"220\" height=\"54\" srcset=\"https:\/\/sagramtbrace.es\/wp-content\/uploads\/2017\/12\/logoclubhorizontal.png 1535w, https:\/\/sagramtbrace.es\/wp-content\/uploads\/2017\/12\/logoclubhorizontal-300x73.png 300w, https:\/\/sagramtbrace.es\/wp-content\/uploads\/2017\/12\/logoclubhorizontal-768x188.png 768w, https:\/\/sagramtbrace.es\/wp-content\/uploads\/2017\/12\/logoclubhorizontal-1024x250.png 1024w\" sizes=\"auto, (max-width: 220px) 100vw, 220px\" \/>\u00a0 <img loading=\"lazy\" decoding=\"async\" class=\"wp-image-640 alignleft\" src=\"http:\/\/sagramtbrace.es\/wp-content\/uploads\/2022\/03\/WhatsApp-Image-2022-03-03-at-14.30.51.jpeg\" alt=\"\" width=\"134\" height=\"134\" srcset=\"https:\/\/sagramtbrace.es\/wp-content\/uploads\/2022\/03\/WhatsApp-Image-2022-03-03-at-14.30.51.jpeg 468w, https:\/\/sagramtbrace.es\/wp-content\/uploads\/2022\/03\/WhatsApp-Image-2022-03-03-at-14.30.51-300x300.jpeg 300w, https:\/\/sagramtbrace.es\/wp-content\/uploads\/2022\/03\/WhatsApp-Image-2022-03-03-at-14.30.51-150x150.jpeg 150w\" sizes=\"auto, (max-width: 134px) 100vw, 134px\" \/> <img loading=\"lazy\" decoding=\"async\" class=\"wp-image-641 alignleft\" src=\"http:\/\/sagramtbrace.es\/wp-content\/uploads\/2022\/03\/LOGO-PUEBLOS-M\u00c1GICOS-HORIZONTAL.png\" alt=\"\" width=\"150\" height=\"73\" srcset=\"https:\/\/sagramtbrace.es\/wp-content\/uploads\/2022\/03\/LOGO-PUEBLOS-M\u00c1GICOS-HORIZONTAL.png 3110w, https:\/\/sagramtbrace.es\/wp-content\/uploads\/2022\/03\/LOGO-PUEBLOS-M\u00c1GICOS-HORIZONTAL-300x146.png 300w, https:\/\/sagramtbrace.es\/wp-content\/uploads\/2022\/03\/LOGO-PUEBLOS-M\u00c1GICOS-HORIZONTAL-1024x500.png 1024w, https:\/\/sagramtbrace.es\/wp-content\/uploads\/2022\/03\/LOGO-PUEBLOS-M\u00c1GICOS-HORIZONTAL-768x375.png 768w, https:\/\/sagramtbrace.es\/wp-content\/uploads\/2022\/03\/LOGO-PUEBLOS-M\u00c1GICOS-HORIZONTAL-1536x750.png 1536w, https:\/\/sagramtbrace.es\/wp-content\/uploads\/2022\/03\/LOGO-PUEBLOS-M\u00c1GICOS-HORIZONTAL-2048x1000.png 2048w\" sizes=\"auto, (max-width: 150px) 100vw, 150px\" \/> <img loading=\"lazy\" decoding=\"async\" class=\"wp-image-642 alignnone\" src=\"http:\/\/sagramtbrace.es\/wp-content\/uploads\/2022\/03\/LOGO-TURISMO-PUEBLA-DE-DON-FADRIQUE-HORIZONTAL.png\" alt=\"\" width=\"165\" height=\"75\" srcset=\"https:\/\/sagramtbrace.es\/wp-content\/uploads\/2022\/03\/LOGO-TURISMO-PUEBLA-DE-DON-FADRIQUE-HORIZONTAL.png 340w, https:\/\/sagramtbrace.es\/wp-content\/uploads\/2022\/03\/LOGO-TURISMO-PUEBLA-DE-DON-FADRIQUE-HORIZONTAL-300x138.png 300w\" sizes=\"auto, (max-width: 165px) 100vw, 165px\" \/> <img loading=\"lazy\" decoding=\"async\" class=\"wp-image-643 alignright\" src=\"http:\/\/sagramtbrace.es\/wp-content\/uploads\/2022\/03\/GEOPARQUE-UNESCO-2.png\" alt=\"\" width=\"248\" height=\"95\" srcset=\"https:\/\/sagramtbrace.es\/wp-content\/uploads\/2022\/03\/GEOPARQUE-UNESCO-2.png 750w, https:\/\/sagramtbrace.es\/wp-content\/uploads\/2022\/03\/GEOPARQUE-UNESCO-2-300x116.png 300w\" sizes=\"auto, (max-width: 248px) 100vw, 248px\" \/> <img loading=\"lazy\" decoding=\"async\" class=\"wp-image-644 alignright\" src=\"http:\/\/sagramtbrace.es\/wp-content\/uploads\/2022\/03\/Diputacion_G_avanzamos.jpg\" alt=\"\" width=\"197\" height=\"118\" srcset=\"https:\/\/sagramtbrace.es\/wp-content\/uploads\/2022\/03\/Diputacion_G_avanzamos.jpg 1916w, https:\/\/sagramtbrace.es\/wp-content\/uploads\/2022\/03\/Diputacion_G_avanzamos-300x180.jpg 300w, https:\/\/sagramtbrace.es\/wp-content\/uploads\/2022\/03\/Diputacion_G_avanzamos-1024x613.jpg 1024w, https:\/\/sagramtbrace.es\/wp-content\/uploads\/2022\/03\/Diputacion_G_avanzamos-768x460.jpg 768w, https:\/\/sagramtbrace.es\/wp-content\/uploads\/2022\/03\/Diputacion_G_avanzamos-1536x920.jpg 1536w\" sizes=\"auto, (max-width: 197px) 100vw, 197px\" \/> <img loading=\"lazy\" decoding=\"async\" class=\"wp-image-645 alignright\" src=\"http:\/\/sagramtbrace.es\/wp-content\/uploads\/2022\/03\/AECC-NUEVO.png\" alt=\"\" width=\"230\" height=\"94\" srcset=\"https:\/\/sagramtbrace.es\/wp-content\/uploads\/2022\/03\/AECC-NUEVO.png 2977w, https:\/\/sagramtbrace.es\/wp-content\/uploads\/2022\/03\/AECC-NUEVO-300x123.png 300w, https:\/\/sagramtbrace.es\/wp-content\/uploads\/2022\/03\/AECC-NUEVO-1024x419.png 1024w, https:\/\/sagramtbrace.es\/wp-content\/uploads\/2022\/03\/AECC-NUEVO-768x314.png 768w, https:\/\/sagramtbrace.es\/wp-content\/uploads\/2022\/03\/AECC-NUEVO-1536x628.png 1536w, https:\/\/sagramtbrace.es\/wp-content\/uploads\/2022\/03\/AECC-NUEVO-2048x837.png 2048w\" sizes=\"auto, (max-width: 230px) 100vw, 230px\" \/><\/p>","protected":false},"excerpt":{"rendered":"<p>\u00a0 La marcha SAGRA MTB Race nace de la iniciativa del Club Ciclista Puebla de Don Fadrique y el apoyo institucional de su Ayuntamiento. El objetivo de esta prueba es que los\/as ciclistas disfruten de de los caminos, sendas, paisajes y gastronom\u00eda de Puebla de Don Fadrique y su entorno. Un escenario natural donde destaca [&hellip;]<\/p>\n","protected":false},"author":1,"featured_media":30,"parent":0,"menu_order":0,"comment_status":"closed","ping_status":"open","template":"","meta":{"footnotes":""},"class_list":["post-2","page","type-page","status-publish","has-post-thumbnail","czr-hentry"],"yoast_head":"<!-- This site is optimized with the Yoast SEO plugin v26.9 - https:\/\/yoast.com\/product\/yoast-seo-wordpress\/ -->\n<title>SAGRA MTB RACE 2025 - SAGRAMTBRACE<\/title>\n<meta name=\"robots\" content=\"index, follow, max-snippet:-1, max-image-preview:large, max-video-preview:-1\" \/>\n<link rel=\"canonical\" href=\"https:\/\/sagramtbrace.es\/\" \/>\n<meta property=\"og:locale\" content=\"es_ES\" \/>\n<meta property=\"og:type\" content=\"article\" \/>\n<meta property=\"og:title\" content=\"SAGRA MTB RACE 2025 - SAGRAMTBRACE\" \/>\n<meta property=\"og:description\" content=\"\u00a0 La marcha SAGRA MTB Race nace de la iniciativa del Club Ciclista Puebla de Don Fadrique y el apoyo institucional de su Ayuntamiento. El objetivo de esta prueba es que los\/as ciclistas disfruten de de los caminos, sendas, paisajes y gastronom\u00eda de Puebla de Don Fadrique y su entorno. Un escenario natural donde destaca [&hellip;]\" \/>\n<meta property=\"og:url\" content=\"https:\/\/sagramtbrace.es\/\" \/>\n<meta property=\"og:site_name\" content=\"SAGRAMTBRACE\" \/>\n<meta property=\"article:publisher\" content=\"https:\/\/www.facebook.com\/CC-Puebla-de-Don-Fadrique-464879460378435\/\" \/>\n<meta property=\"article:modified_time\" content=\"2025-05-21T17:49:35+00:00\" \/>\n<meta property=\"og:image\" content=\"https:\/\/sagramtbrace.es\/wp-content\/uploads\/2017\/12\/fotocarrera1920x1080-1024x576.png\" \/>\n\t<meta property=\"og:image:width\" content=\"1024\" \/>\n\t<meta property=\"og:image:height\" content=\"576\" \/>\n\t<meta property=\"og:image:type\" content=\"image\/png\" \/>\n<meta name=\"twitter:card\" content=\"summary_large_image\" \/>\n<meta name=\"twitter:label1\" content=\"Tiempo de lectura\" \/>\n\t<meta name=\"twitter:data1\" content=\"4 minutos\" \/>\n<script type=\"application\/ld+json\" class=\"yoast-schema-graph\">{\"@context\":\"https:\/\/schema.org\",\"@graph\":[{\"@type\":\"WebPage\",\"@id\":\"https:\/\/sagramtbrace.es\/\",\"url\":\"https:\/\/sagramtbrace.es\/\",\"name\":\"SAGRA MTB RACE 2025 - SAGRAMTBRACE\",\"isPartOf\":{\"@id\":\"https:\/\/sagramtbrace.es\/#website\"},\"primaryImageOfPage\":{\"@id\":\"https:\/\/sagramtbrace.es\/#primaryimage\"},\"image\":{\"@id\":\"https:\/\/sagramtbrace.es\/#primaryimage\"},\"thumbnailUrl\":\"https:\/\/sagramtbrace.es\/wp-content\/uploads\/2017\/12\/fotocarrera1920x1080.png\",\"datePublished\":\"2016-05-10T03:48:21+00:00\",\"dateModified\":\"2025-05-21T17:49:35+00:00\",\"breadcrumb\":{\"@id\":\"https:\/\/sagramtbrace.es\/#breadcrumb\"},\"inLanguage\":\"es\",\"potentialAction\":[{\"@type\":\"ReadAction\",\"target\":[\"https:\/\/sagramtbrace.es\/\"]}]},{\"@type\":\"ImageObject\",\"inLanguage\":\"es\",\"@id\":\"https:\/\/sagramtbrace.es\/#primaryimage\",\"url\":\"https:\/\/sagramtbrace.es\/wp-content\/uploads\/2017\/12\/fotocarrera1920x1080.png\",\"contentUrl\":\"https:\/\/sagramtbrace.es\/wp-content\/uploads\/2017\/12\/fotocarrera1920x1080.png\",\"width\":1920,\"height\":1080},{\"@type\":\"BreadcrumbList\",\"@id\":\"https:\/\/sagramtbrace.es\/#breadcrumb\",\"itemListElement\":[{\"@type\":\"ListItem\",\"position\":1,\"name\":\"Portada\",\"item\":\"https:\/\/sagramtbrace.es\/\"},{\"@type\":\"ListItem\",\"position\":2,\"name\":\"SAGRA MTB RACE 2025\"}]},{\"@type\":\"WebSite\",\"@id\":\"https:\/\/sagramtbrace.es\/#website\",\"url\":\"https:\/\/sagramtbrace.es\/\",\"name\":\"SAGRAMTBRACE\",\"description\":\"Sagra MTB Race\",\"publisher\":{\"@id\":\"https:\/\/sagramtbrace.es\/#organization\"},\"potentialAction\":[{\"@type\":\"SearchAction\",\"target\":{\"@type\":\"EntryPoint\",\"urlTemplate\":\"https:\/\/sagramtbrace.es\/?s={search_term_string}\"},\"query-input\":{\"@type\":\"PropertyValueSpecification\",\"valueRequired\":true,\"valueName\":\"search_term_string\"}}],\"inLanguage\":\"es\"},{\"@type\":\"Organization\",\"@id\":\"https:\/\/sagramtbrace.es\/#organization\",\"name\":\"sagramtbrace\",\"url\":\"https:\/\/sagramtbrace.es\/\",\"logo\":{\"@type\":\"ImageObject\",\"inLanguage\":\"es\",\"@id\":\"https:\/\/sagramtbrace.es\/#\/schema\/logo\/image\/\",\"url\":\"http:\/\/sagramtbrace.es\/wp-content\/uploads\/2017\/12\/logoico512x512.png\",\"contentUrl\":\"http:\/\/sagramtbrace.es\/wp-content\/uploads\/2017\/12\/logoico512x512.png\",\"width\":512,\"height\":512,\"caption\":\"sagramtbrace\"},\"image\":{\"@id\":\"https:\/\/sagramtbrace.es\/#\/schema\/logo\/image\/\"},\"sameAs\":[\"https:\/\/www.facebook.com\/CC-Puebla-de-Don-Fadrique-464879460378435\/\"]}]}<\/script>\n<!-- \/ Yoast SEO plugin. -->","yoast_head_json":{"title":"SAGRA MTB RACE 2025 - SAGRAMTBRACE","robots":{"index":"index","follow":"follow","max-snippet":"max-snippet:-1","max-image-preview":"max-image-preview:large","max-video-preview":"max-video-preview:-1"},"canonical":"https:\/\/sagramtbrace.es\/","og_locale":"es_ES","og_type":"article","og_title":"SAGRA MTB RACE 2025 - SAGRAMTBRACE","og_description":"\u00a0 La marcha SAGRA MTB Race nace de la iniciativa del Club Ciclista Puebla de Don Fadrique y el apoyo institucional de su Ayuntamiento. El objetivo de esta prueba es que los\/as ciclistas disfruten de de los caminos, sendas, paisajes y gastronom\u00eda de Puebla de Don Fadrique y su entorno. Un escenario natural donde destaca [&hellip;]","og_url":"https:\/\/sagramtbrace.es\/","og_site_name":"SAGRAMTBRACE","article_publisher":"https:\/\/www.facebook.com\/CC-Puebla-de-Don-Fadrique-464879460378435\/","article_modified_time":"2025-05-21T17:49:35+00:00","og_image":[{"width":1024,"height":576,"url":"https:\/\/sagramtbrace.es\/wp-content\/uploads\/2017\/12\/fotocarrera1920x1080-1024x576.png","type":"image\/png"}],"twitter_card":"summary_large_image","twitter_misc":{"Tiempo de lectura":"4 minutos"},"schema":{"@context":"https:\/\/schema.org","@graph":[{"@type":"WebPage","@id":"https:\/\/sagramtbrace.es\/","url":"https:\/\/sagramtbrace.es\/","name":"SAGRA MTB RACE 2025 - SAGRAMTBRACE","isPartOf":{"@id":"https:\/\/sagramtbrace.es\/#website"},"primaryImageOfPage":{"@id":"https:\/\/sagramtbrace.es\/#primaryimage"},"image":{"@id":"https:\/\/sagramtbrace.es\/#primaryimage"},"thumbnailUrl":"https:\/\/sagramtbrace.es\/wp-content\/uploads\/2017\/12\/fotocarrera1920x1080.png","datePublished":"2016-05-10T03:48:21+00:00","dateModified":"2025-05-21T17:49:35+00:00","breadcrumb":{"@id":"https:\/\/sagramtbrace.es\/#breadcrumb"},"inLanguage":"es","potentialAction":[{"@type":"ReadAction","target":["https:\/\/sagramtbrace.es\/"]}]},{"@type":"ImageObject","inLanguage":"es","@id":"https:\/\/sagramtbrace.es\/#primaryimage","url":"https:\/\/sagramtbrace.es\/wp-content\/uploads\/2017\/12\/fotocarrera1920x1080.png","contentUrl":"https:\/\/sagramtbrace.es\/wp-content\/uploads\/2017\/12\/fotocarrera1920x1080.png","width":1920,"height":1080},{"@type":"BreadcrumbList","@id":"https:\/\/sagramtbrace.es\/#breadcrumb","itemListElement":[{"@type":"ListItem","position":1,"name":"Portada","item":"https:\/\/sagramtbrace.es\/"},{"@type":"ListItem","position":2,"name":"SAGRA MTB RACE 2025"}]},{"@type":"WebSite","@id":"https:\/\/sagramtbrace.es\/#website","url":"https:\/\/sagramtbrace.es\/","name":"SAGRAMTBRACE","description":"Sagra MTB Race","publisher":{"@id":"https:\/\/sagramtbrace.es\/#organization"},"potentialAction":[{"@type":"SearchAction","target":{"@type":"EntryPoint","urlTemplate":"https:\/\/sagramtbrace.es\/?s={search_term_string}"},"query-input":{"@type":"PropertyValueSpecification","valueRequired":true,"valueName":"search_term_string"}}],"inLanguage":"es"},{"@type":"Organization","@id":"https:\/\/sagramtbrace.es\/#organization","name":"sagramtbrace","url":"https:\/\/sagramtbrace.es\/","logo":{"@type":"ImageObject","inLanguage":"es","@id":"https:\/\/sagramtbrace.es\/#\/schema\/logo\/image\/","url":"http:\/\/sagramtbrace.es\/wp-content\/uploads\/2017\/12\/logoico512x512.png","contentUrl":"http:\/\/sagramtbrace.es\/wp-content\/uploads\/2017\/12\/logoico512x512.png","width":512,"height":512,"caption":"sagramtbrace"},"image":{"@id":"https:\/\/sagramtbrace.es\/#\/schema\/logo\/image\/"},"sameAs":["https:\/\/www.facebook.com\/CC-Puebla-de-Don-Fadrique-464879460378435\/"]}]}},"_links":{"self":[{"href":"https:\/\/sagramtbrace.es\/index.php?rest_route=\/wp\/v2\/pages\/2","targetHints":{"allow":["GET"]}}],"collection":[{"href":"https:\/\/sagramtbrace.es\/index.php?rest_route=\/wp\/v2\/pages"}],"about":[{"href":"https:\/\/sagramtbrace.es\/index.php?rest_route=\/wp\/v2\/types\/page"}],"author":[{"embeddable":true,"href":"https:\/\/sagramtbrace.es\/index.php?rest_route=\/wp\/v2\/users\/1"}],"replies":[{"embeddable":true,"href":"https:\/\/sagramtbrace.es\/index.php?rest_route=%2Fwp%2Fv2%2Fcomments&post=2"}],"version-history":[{"count":107,"href":"https:\/\/sagramtbrace.es\/index.php?rest_route=\/wp\/v2\/pages\/2\/revisions"}],"predecessor-version":[{"id":883,"href":"https:\/\/sagramtbrace.es\/index.php?rest_route=\/wp\/v2\/pages\/2\/revisions\/883"}],"wp:featuredmedia":[{"embeddable":true,"href":"https:\/\/sagramtbrace.es\/index.php?rest_route=\/wp\/v2\/media\/30"}],"wp:attachment":[{"href":"https:\/\/sagramtbrace.es\/index.php?rest_route=%2Fwp%2Fv2%2Fmedia&parent=2"}],"curies":[{"name":"wp","href":"https:\/\/api.w.org\/{rel}","templated":true}]}}