{"id":147,"date":"2017-12-18T16:49:07","date_gmt":"2017-12-18T16:49:07","guid":{"rendered":"http:\/\/sagramtbrace.es\/?page_id=147"},"modified":"2026-02-07T12:41:05","modified_gmt":"2026-02-07T12:41:05","slug":"como-llegar","status":"publish","type":"page","link":"https:\/\/sagramtbrace.es\/?page_id=147","title":{"rendered":"Como LLegar"},"content":{"rendered":"<p><strong>Entrega de dorsales<\/strong> de la Sagra MTB Race el d\u00eda<strong> 16 de Mayo<\/strong> a las <strong>17:00h- 20:30h<\/strong>\u00a0 <strong>en el Ayuntamiento de Puebla de Don Fadrique.<\/strong><\/p>\n<p>Tambi\u00e9n podr\u00e1s recoger el dorsal a las 7:30h el d\u00eda<strong> 17 de Mayo<\/strong> en la zona de salida <strong>el Ayuntamiento de Puebla de Don Fadrique.<\/strong><\/p>\n<div class=\"\" data-block=\"true\" data-editor=\"6rok7\" data-offset-key=\"3vi2l-0-0\">\n<div class=\"_1mf _1mj\" data-offset-key=\"3vi2l-0-0\"><span data-offset-key=\"3vi2l-0-0\"><strong>Salida de la VIII Sagra MTB Race<\/strong> d\u00eda <strong>17\u00a0de Mayo<\/strong> en (Avenida Santas M\u00e1rtires):<\/span><\/div>\n<\/div>\n<div class=\"\" data-block=\"true\" data-editor=\"6rok7\" data-offset-key=\"2l9gb-0-0\">\n<div class=\"_1mf _1mj\" data-offset-key=\"2l9gb-0-0\"><span data-offset-key=\"2l9gb-0-0\"><strong>-9:00h:<\/strong> Salida general.<\/span><\/div>\n<\/div>\n<p><strong>-Duchas <\/strong>\u00a0en el pabell\u00f3n del polideportivo municipal de Puebla de Don Fadrique.<\/p>\n<p><strong>-Entrega de trofeos <\/strong>\u00a0en la Piscina Municipal sobre las <strong>13:00 o 13:30.<\/strong><\/p>\n<p><strong>-Comida<\/strong> despu\u00e9s de la prueba en la Piscina Municipal.<\/p>\n<h3><span style=\"color: #ff6600;\"><strong>Entrega de dorsales (Ayuntamiento de Puebla de Don Fadrique)<\/strong><\/span><\/h3>\n<p><iframe loading=\"lazy\" style=\"border: 0;\" src=\"https:\/\/www.google.com\/maps\/embed?pb=!1m18!1m12!1m3!1d3145.8191164619807!2d-2.437016585113773!3d37.95800930936984!2m3!1f0!2f0!3f0!3m2!1i1024!2i768!4f13.1!3m3!1m2!1s0xd65802663c57bcb%3A0xd6021729179699d0!2sAyuntamiento+de+Puebla+de+Don+Fadrique!5e0!3m2!1ses!2ses!4v1526068778607\" width=\"600\" height=\"450\" frameborder=\"0\" allowfullscreen=\"allowfullscreen\"><\/iframe><\/p>\n<h3><span style=\"color: #ff6600;\"><strong>Salida de SagraMTBRace (Avda. Santas Martires):<\/strong><\/span><\/h3>\n<p><iframe loading=\"lazy\" style=\"border: 0;\" src=\"https:\/\/www.google.com\/maps\/embed?pb=!1m18!1m12!1m3!1d3145.8340175330904!2d-2.437559985113788!3d37.957661409389935!2m3!1f0!2f0!3f0!3m2!1i1024!2i768!4f13.1!3m3!1m2!1s0xd658026c429e7e9%3A0x2caae0469164e141!2sAv.+Santas+Martires%2C+18820+Puebla+de+Don+Fadrique%2C+Granada!5e0!3m2!1ses!2ses!4v1516744135350\" width=\"600\" height=\"450\" frameborder=\"0\" allowfullscreen=\"allowfullscreen\"><\/iframe><\/p>\n<h3><span style=\"color: #ff6600;\"><strong>Duchas en el pabell\u00f3n del polideportivo y Comida en la Piscina Municipal.<\/strong><\/span><\/h3>\n<p><iframe loading=\"lazy\" style=\"border: 0;\" src=\"https:\/\/www.google.com\/maps\/embed?pb=!1m18!1m12!1m3!1d3145.818029487588!2d-2.4341949012301094!3d37.95803468719588!2m3!1f0!2f0!3f0!3m2!1i1024!2i768!4f13.1!3m3!1m2!1s0xd65802f698e304d%3A0xb60bfa2c9d2e5cc7!2sPiscina+Municipal.!5e0!3m2!1ses!2ses!4v1526069610584\" width=\"600\" height=\"450\" frameborder=\"0\" allowfullscreen=\"allowfullscreen\"><\/iframe><\/p>\n<h3>\u00a0<\/h3>\n<h3>\u00a0<\/h3>\n<p><!--more--><\/p>\n\n\n<p><\/p>\n","protected":false},"excerpt":{"rendered":"<p>Entrega de dorsales de la Sagra MTB Race el d\u00eda 16 de Mayo a las 17:00h- 20:30h\u00a0 en el Ayuntamiento de Puebla de Don Fadrique. Tambi\u00e9n podr\u00e1s recoger el dorsal a las 7:30h el d\u00eda 17 de Mayo en la zona de salida el Ayuntamiento de Puebla de Don Fadrique. Salida de la VIII Sagra [&hellip;]<\/p>\n","protected":false},"author":1,"featured_media":0,"parent":0,"menu_order":0,"comment_status":"closed","ping_status":"closed","template":"","meta":{"footnotes":""},"class_list":["post-147","page","type-page","status-publish","czr-hentry"],"yoast_head":"<!-- This site is optimized with the Yoast SEO plugin v26.9 - https:\/\/yoast.com\/product\/yoast-seo-wordpress\/ -->\n<title>Como LLegar - SAGRAMTBRACE<\/title>\n<meta name=\"robots\" content=\"index, follow, max-snippet:-1, max-image-preview:large, max-video-preview:-1\" \/>\n<link rel=\"canonical\" href=\"https:\/\/sagramtbrace.es\/?page_id=147\" \/>\n<meta property=\"og:locale\" content=\"es_ES\" \/>\n<meta property=\"og:type\" content=\"article\" \/>\n<meta property=\"og:title\" content=\"Como LLegar - SAGRAMTBRACE\" \/>\n<meta property=\"og:description\" content=\"Entrega de dorsales de la Sagra MTB Race el d\u00eda 16 de Mayo a las 17:00h- 20:30h\u00a0 en el Ayuntamiento de Puebla de Don Fadrique. Tambi\u00e9n podr\u00e1s recoger el dorsal a las 7:30h el d\u00eda 17 de Mayo en la zona de salida el Ayuntamiento de Puebla de Don Fadrique. Salida de la VIII Sagra [&hellip;]\" \/>\n<meta property=\"og:url\" content=\"https:\/\/sagramtbrace.es\/?page_id=147\" \/>\n<meta property=\"og:site_name\" content=\"SAGRAMTBRACE\" \/>\n<meta property=\"article:publisher\" content=\"https:\/\/www.facebook.com\/CC-Puebla-de-Don-Fadrique-464879460378435\/\" \/>\n<meta property=\"article:modified_time\" content=\"2026-02-07T12:41:05+00:00\" \/>\n<meta name=\"twitter:card\" content=\"summary_large_image\" \/>\n<meta name=\"twitter:label1\" content=\"Tiempo de lectura\" \/>\n\t<meta name=\"twitter:data1\" content=\"1 minuto\" \/>\n<script type=\"application\/ld+json\" class=\"yoast-schema-graph\">{\"@context\":\"https:\/\/schema.org\",\"@graph\":[{\"@type\":\"WebPage\",\"@id\":\"https:\/\/sagramtbrace.es\/?page_id=147\",\"url\":\"https:\/\/sagramtbrace.es\/?page_id=147\",\"name\":\"Como LLegar - SAGRAMTBRACE\",\"isPartOf\":{\"@id\":\"https:\/\/sagramtbrace.es\/#website\"},\"datePublished\":\"2017-12-18T16:49:07+00:00\",\"dateModified\":\"2026-02-07T12:41:05+00:00\",\"breadcrumb\":{\"@id\":\"https:\/\/sagramtbrace.es\/?page_id=147#breadcrumb\"},\"inLanguage\":\"es\",\"potentialAction\":[{\"@type\":\"ReadAction\",\"target\":[\"https:\/\/sagramtbrace.es\/?page_id=147\"]}]},{\"@type\":\"BreadcrumbList\",\"@id\":\"https:\/\/sagramtbrace.es\/?page_id=147#breadcrumb\",\"itemListElement\":[{\"@type\":\"ListItem\",\"position\":1,\"name\":\"Portada\",\"item\":\"https:\/\/sagramtbrace.es\/\"},{\"@type\":\"ListItem\",\"position\":2,\"name\":\"Como LLegar\"}]},{\"@type\":\"WebSite\",\"@id\":\"https:\/\/sagramtbrace.es\/#website\",\"url\":\"https:\/\/sagramtbrace.es\/\",\"name\":\"SAGRAMTBRACE\",\"description\":\"Sagra MTB Race\",\"publisher\":{\"@id\":\"https:\/\/sagramtbrace.es\/#organization\"},\"potentialAction\":[{\"@type\":\"SearchAction\",\"target\":{\"@type\":\"EntryPoint\",\"urlTemplate\":\"https:\/\/sagramtbrace.es\/?s={search_term_string}\"},\"query-input\":{\"@type\":\"PropertyValueSpecification\",\"valueRequired\":true,\"valueName\":\"search_term_string\"}}],\"inLanguage\":\"es\"},{\"@type\":\"Organization\",\"@id\":\"https:\/\/sagramtbrace.es\/#organization\",\"name\":\"sagramtbrace\",\"url\":\"https:\/\/sagramtbrace.es\/\",\"logo\":{\"@type\":\"ImageObject\",\"inLanguage\":\"es\",\"@id\":\"https:\/\/sagramtbrace.es\/#\/schema\/logo\/image\/\",\"url\":\"http:\/\/sagramtbrace.es\/wp-content\/uploads\/2017\/12\/logoico512x512.png\",\"contentUrl\":\"http:\/\/sagramtbrace.es\/wp-content\/uploads\/2017\/12\/logoico512x512.png\",\"width\":512,\"height\":512,\"caption\":\"sagramtbrace\"},\"image\":{\"@id\":\"https:\/\/sagramtbrace.es\/#\/schema\/logo\/image\/\"},\"sameAs\":[\"https:\/\/www.facebook.com\/CC-Puebla-de-Don-Fadrique-464879460378435\/\"]}]}<\/script>\n<!-- \/ Yoast SEO plugin. -->","yoast_head_json":{"title":"Como LLegar - SAGRAMTBRACE","robots":{"index":"index","follow":"follow","max-snippet":"max-snippet:-1","max-image-preview":"max-image-preview:large","max-video-preview":"max-video-preview:-1"},"canonical":"https:\/\/sagramtbrace.es\/?page_id=147","og_locale":"es_ES","og_type":"article","og_title":"Como LLegar - SAGRAMTBRACE","og_description":"Entrega de dorsales de la Sagra MTB Race el d\u00eda 16 de Mayo a las 17:00h- 20:30h\u00a0 en el Ayuntamiento de Puebla de Don Fadrique. Tambi\u00e9n podr\u00e1s recoger el dorsal a las 7:30h el d\u00eda 17 de Mayo en la zona de salida el Ayuntamiento de Puebla de Don Fadrique. Salida de la VIII Sagra [&hellip;]","og_url":"https:\/\/sagramtbrace.es\/?page_id=147","og_site_name":"SAGRAMTBRACE","article_publisher":"https:\/\/www.facebook.com\/CC-Puebla-de-Don-Fadrique-464879460378435\/","article_modified_time":"2026-02-07T12:41:05+00:00","twitter_card":"summary_large_image","twitter_misc":{"Tiempo de lectura":"1 minuto"},"schema":{"@context":"https:\/\/schema.org","@graph":[{"@type":"WebPage","@id":"https:\/\/sagramtbrace.es\/?page_id=147","url":"https:\/\/sagramtbrace.es\/?page_id=147","name":"Como LLegar - SAGRAMTBRACE","isPartOf":{"@id":"https:\/\/sagramtbrace.es\/#website"},"datePublished":"2017-12-18T16:49:07+00:00","dateModified":"2026-02-07T12:41:05+00:00","breadcrumb":{"@id":"https:\/\/sagramtbrace.es\/?page_id=147#breadcrumb"},"inLanguage":"es","potentialAction":[{"@type":"ReadAction","target":["https:\/\/sagramtbrace.es\/?page_id=147"]}]},{"@type":"BreadcrumbList","@id":"https:\/\/sagramtbrace.es\/?page_id=147#breadcrumb","itemListElement":[{"@type":"ListItem","position":1,"name":"Portada","item":"https:\/\/sagramtbrace.es\/"},{"@type":"ListItem","position":2,"name":"Como LLegar"}]},{"@type":"WebSite","@id":"https:\/\/sagramtbrace.es\/#website","url":"https:\/\/sagramtbrace.es\/","name":"SAGRAMTBRACE","description":"Sagra MTB Race","publisher":{"@id":"https:\/\/sagramtbrace.es\/#organization"},"potentialAction":[{"@type":"SearchAction","target":{"@type":"EntryPoint","urlTemplate":"https:\/\/sagramtbrace.es\/?s={search_term_string}"},"query-input":{"@type":"PropertyValueSpecification","valueRequired":true,"valueName":"search_term_string"}}],"inLanguage":"es"},{"@type":"Organization","@id":"https:\/\/sagramtbrace.es\/#organization","name":"sagramtbrace","url":"https:\/\/sagramtbrace.es\/","logo":{"@type":"ImageObject","inLanguage":"es","@id":"https:\/\/sagramtbrace.es\/#\/schema\/logo\/image\/","url":"http:\/\/sagramtbrace.es\/wp-content\/uploads\/2017\/12\/logoico512x512.png","contentUrl":"http:\/\/sagramtbrace.es\/wp-content\/uploads\/2017\/12\/logoico512x512.png","width":512,"height":512,"caption":"sagramtbrace"},"image":{"@id":"https:\/\/sagramtbrace.es\/#\/schema\/logo\/image\/"},"sameAs":["https:\/\/www.facebook.com\/CC-Puebla-de-Don-Fadrique-464879460378435\/"]}]}},"_links":{"self":[{"href":"https:\/\/sagramtbrace.es\/index.php?rest_route=\/wp\/v2\/pages\/147","targetHints":{"allow":["GET"]}}],"collection":[{"href":"https:\/\/sagramtbrace.es\/index.php?rest_route=\/wp\/v2\/pages"}],"about":[{"href":"https:\/\/sagramtbrace.es\/index.php?rest_route=\/wp\/v2\/types\/page"}],"author":[{"embeddable":true,"href":"https:\/\/sagramtbrace.es\/index.php?rest_route=\/wp\/v2\/users\/1"}],"replies":[{"embeddable":true,"href":"https:\/\/sagramtbrace.es\/index.php?rest_route=%2Fwp%2Fv2%2Fcomments&post=147"}],"version-history":[{"count":36,"href":"https:\/\/sagramtbrace.es\/index.php?rest_route=\/wp\/v2\/pages\/147\/revisions"}],"predecessor-version":[{"id":904,"href":"https:\/\/sagramtbrace.es\/index.php?rest_route=\/wp\/v2\/pages\/147\/revisions\/904"}],"wp:attachment":[{"href":"https:\/\/sagramtbrace.es\/index.php?rest_route=%2Fwp%2Fv2%2Fmedia&parent=147"}],"curies":[{"name":"wp","href":"https:\/\/api.w.org\/{rel}","templated":true}]}}